{"id":1181,"date":"2024-02-07T09:29:00","date_gmt":"2024-02-07T09:29:00","guid":{"rendered":"https:\/\/serhiin1.sg-host.com\/?page_id=1181"},"modified":"2024-03-07T14:05:11","modified_gmt":"2024-03-07T14:05:11","slug":"acerca-de-nosotros","status":"publish","type":"page","link":"https:\/\/www.injuryattorneysmn.com\/es\/acerca-de-nosotros\/","title":{"rendered":"Acerca de nosotros"},"content":{"rendered":"\n<h1 class=\"wp-block-heading\">Bennerotte &amp; Associates, P.A.: Buscamos justicia para usted<\/h1>\n\n\n\n<p>Existen distintas circunstancias que pueden desmotivarlo despu\u00e9s de un accidente. Sin duda, una de las circunstancias m\u00e1s dolorosas es el trato que le dan las aseguradoras y proveedores m\u00e9dicos; pueden hacerlo sentir como si nadie lo escuchara, y que usted est\u00e1 completamente solo.<\/p>\n\n\n\n<p>Sin embargo, nosotros los escuchamos. En&nbsp;Bennerotte &amp; Associates, P.A., nuestros abogados saben lo que significa estar en su situaci\u00f3n; entendemos el estr\u00e9s y las dificultades que le esperan. Por esto, nosotros seremos su gu\u00eda para enfrentar lo que viene.<\/p>\n\n\n\n<h2 class=\"wp-block-heading\">Abogados<\/h2>\n\n\n\n<ul class=\"wp-block-list\">\n<li>Thomas R. Bennerotte<\/li>\n\n\n\n<li>Vincent J. Moccio<\/li>\n\n\n\n<li>Michael Phoenix<\/li>\n\n\n\n<li>Wade Rabenhorst<\/li>\n\n\n\n<li>Jeffrey R. Murray<\/li>\n<\/ul>\n\n\n\n<h2 class=\"wp-block-heading\">Tenemos experiencia en todos los aspectos de la ley de lesi\u00f3n personal<\/h2>\n\n\n\n<p>Durante d\u00e9cadas, nuestros abogados han trabajado con personas de Minnesota en todos los tipos de\u00a0<a href=\"\/es\/lesion-personal\/\">reclamaciones de lesi\u00f3n personal<\/a>. Manejamos casos de clientes con lesiones causadas por:<\/p>\n\n\n\n<ul class=\"wp-block-list\">\n<li>Accidentes de auto<\/li>\n\n\n\n<li>Errores m\u00e9dicos<\/li>\n\n\n\n<li>Productos defectuosos<\/li>\n\n\n\n<li>Responsabilidad civil de establecimientos<\/li>\n<\/ul>\n\n\n\n<p>Nuestros clientes vienen de Eagan, Rosemount y Apple Valley. Como nuestro cliente, prometemos proveerle de un servicio humano y atento durante todo su caso.<\/p>\n\n\n\n<h2 class=\"wp-block-heading\">Buscamos obtener resultados para trabajadores lesionados<\/h2>\n\n\n\n<p>Obtener compensaci\u00f3n para una lesi\u00f3n laboral deber\u00eda ser sencillo, considerando la ley de compensaci\u00f3n para trabajadores, pero la realidad es que puede representar mucho trabajo. Por ello, nosotros tomamos la labor de abogar por usted en lo relacionado con una lesi\u00f3n de trabajo y lucharemos por obtener los resultados que usted necesita.<\/p>\n\n\n\n<h2 class=\"wp-block-heading\">Empat\u00eda, porque lo entendemos<\/h2>\n\n\n\n<p>Nuestro abogado fundador, Tom Bennerotte, entiende exactamente lo que es perder a alguien por negligencia. Sabemos lo dif\u00edcil que es tanto a nivel emocional, como lo dif\u00edcil que es superar tal p\u00e9rdida. Por ello, \u00e9l y su equipo en&nbsp;Bennerotte &amp; Associates, P.A., abogan h\u00e1bilmente por quienes se encuentran en esta situaci\u00f3n.<\/p>\n\n\n\n<h2 class=\"wp-block-heading\">Respetados, emp\u00e1ticos y con experiencia<\/h2>\n\n\n\n<p>Nuestros abogados han construido una reputaci\u00f3n en las comunidades en las que servimos por ser defensores emp\u00e1ticos y s\u00f3lidos de nuestros clientes. Sabemos que usted enfrenta una situaci\u00f3n estresante, por lo que estaremos con usted durante todo el tiempo que nos necesite. Llame a nuestra oficina al\u00a0<a href=\"tel:+16512403309\">(651) 240-3309<\/a>\u00a0o\u00a0<a href=\"\/es\/acerca-de-nosotros\/#spanish-contact\">env\u00edenos un correo electr\u00f3nico<\/a>\u00a0para programar su consulta gratuita.<\/p>\n","protected":false},"excerpt":{"rendered":"<p>Bennerotte &amp; Associates, P.A.: Buscamos justicia para usted Existen distintas circunstancias que pueden desmotivarlo despu\u00e9s de un accidente. Sin duda, una de las circunstancias m\u00e1s dolorosas es el trato que le dan las aseguradoras y proveedores m\u00e9dicos; pueden hacerlo sentir como si nadie lo escuchara, y que usted est\u00e1 completamente solo. Sin embargo, nosotros los [&hellip;]<\/p>\n","protected":false},"author":1,"featured_media":0,"parent":0,"menu_order":0,"comment_status":"closed","ping_status":"closed","template":"page-tpl.php","meta":{"_acf_changed":false,"footnotes":""},"class_list":["post-1181","page","type-page","status-publish","hentry"],"acf":[],"yoast_head":"<!-- This site is optimized with the Yoast SEO plugin v27.5 - https:\/\/yoast.com\/product\/yoast-seo-wordpress\/ -->\n<title>Bennerotte &amp; Associates, P.A. | Abogados de lesi\u00f3n en Eagan<\/title>\n<meta name=\"description\" content=\"En Bennerotte &amp; Associates, P.A., trabajamos duro para recuperar la compensaci\u00f3n de nuestros clientes.\" \/>\n<meta name=\"robots\" content=\"index, follow, max-snippet:-1, max-image-preview:large, max-video-preview:-1\" \/>\n<link rel=\"canonical\" href=\"https:\/\/www.injuryattorneysmn.com\/es\/acerca-de-nosotros\/\" \/>\n<meta property=\"og:locale\" content=\"es_ES\" \/>\n<meta property=\"og:type\" content=\"article\" \/>\n<meta property=\"og:title\" content=\"Bennerotte &amp; Associates, P.A. | Abogados de lesi\u00f3n en Eagan\" \/>\n<meta property=\"og:description\" content=\"En Bennerotte &amp; Associates, P.A., trabajamos duro para recuperar la compensaci\u00f3n de nuestros clientes.\" \/>\n<meta property=\"og:url\" content=\"https:\/\/www.injuryattorneysmn.com\/es\/acerca-de-nosotros\/\" \/>\n<meta property=\"og:site_name\" content=\"Bennerotte &amp; Associates, P.A.\" \/>\n<meta property=\"article:publisher\" content=\"https:\/\/www.facebook.com\/BennerotteMN\" \/>\n<meta property=\"article:modified_time\" content=\"2024-03-07T14:05:11+00:00\" \/>\n<meta name=\"twitter:card\" content=\"summary_large_image\" \/>\n<meta name=\"twitter:site\" content=\"@BennerotteAssoc\" \/>\n<meta name=\"twitter:label1\" content=\"Est. reading time\" \/>\n\t<meta name=\"twitter:data1\" content=\"2 minutes\" \/>\n<script type=\"application\/ld+json\" class=\"yoast-schema-graph\">{\"@context\":\"https:\\\/\\\/schema.org\",\"@graph\":[{\"@type\":\"WebPage\",\"@id\":\"https:\\\/\\\/www.injuryattorneysmn.com\\\/es\\\/acerca-de-nosotros\\\/\",\"url\":\"https:\\\/\\\/www.injuryattorneysmn.com\\\/es\\\/acerca-de-nosotros\\\/\",\"name\":\"Bennerotte & Associates, P.A. | Abogados de lesi\u00f3n en Eagan\",\"isPartOf\":{\"@id\":\"https:\\\/\\\/www.injuryattorneysmn.com\\\/#website\"},\"datePublished\":\"2024-02-07T09:29:00+00:00\",\"dateModified\":\"2024-03-07T14:05:11+00:00\",\"description\":\"En Bennerotte & Associates, P.A., trabajamos duro para recuperar la compensaci\u00f3n de nuestros clientes.\",\"breadcrumb\":{\"@id\":\"https:\\\/\\\/www.injuryattorneysmn.com\\\/es\\\/acerca-de-nosotros\\\/#breadcrumb\"},\"inLanguage\":\"es-ES\",\"potentialAction\":[{\"@type\":\"ReadAction\",\"target\":[\"https:\\\/\\\/www.injuryattorneysmn.com\\\/es\\\/acerca-de-nosotros\\\/\"]}]},{\"@type\":\"BreadcrumbList\",\"@id\":\"https:\\\/\\\/www.injuryattorneysmn.com\\\/es\\\/acerca-de-nosotros\\\/#breadcrumb\",\"itemListElement\":[{\"@type\":\"ListItem\",\"position\":1,\"name\":\"Home\",\"item\":\"https:\\\/\\\/www.injuryattorneysmn.com\\\/es\\\/\"},{\"@type\":\"ListItem\",\"position\":2,\"name\":\"Acerca de nosotros\"}]},{\"@type\":\"WebSite\",\"@id\":\"https:\\\/\\\/www.injuryattorneysmn.com\\\/#website\",\"url\":\"https:\\\/\\\/www.injuryattorneysmn.com\\\/\",\"name\":\"injuryattorneysmn\",\"description\":\"Eagan Personal Injury &amp; Auto Accident Lawyers\",\"publisher\":{\"@id\":\"https:\\\/\\\/www.injuryattorneysmn.com\\\/#organization\"},\"potentialAction\":[{\"@type\":\"SearchAction\",\"target\":{\"@type\":\"EntryPoint\",\"urlTemplate\":\"https:\\\/\\\/www.injuryattorneysmn.com\\\/?s={search_term_string}\"},\"query-input\":{\"@type\":\"PropertyValueSpecification\",\"valueRequired\":true,\"valueName\":\"search_term_string\"}}],\"inLanguage\":\"es-ES\"},{\"@type\":\"Organization\",\"@id\":\"https:\\\/\\\/www.injuryattorneysmn.com\\\/#organization\",\"name\":\"injuryattorneysmn\",\"url\":\"https:\\\/\\\/www.injuryattorneysmn.com\\\/\",\"logo\":{\"@type\":\"ImageObject\",\"inLanguage\":\"es-ES\",\"@id\":\"https:\\\/\\\/www.injuryattorneysmn.com\\\/#\\\/schema\\\/logo\\\/image\\\/\",\"url\":\"https:\\\/\\\/www.injuryattorneysmn.com\\\/wp-content\\\/uploads\\\/2024\\\/01\\\/Bennerotte-site-logo.png\",\"contentUrl\":\"https:\\\/\\\/www.injuryattorneysmn.com\\\/wp-content\\\/uploads\\\/2024\\\/01\\\/Bennerotte-site-logo.png\",\"width\":800,\"height\":120,\"caption\":\"injuryattorneysmn\"},\"image\":{\"@id\":\"https:\\\/\\\/www.injuryattorneysmn.com\\\/#\\\/schema\\\/logo\\\/image\\\/\"},\"sameAs\":[\"https:\\\/\\\/www.facebook.com\\\/BennerotteMN\",\"https:\\\/\\\/x.com\\\/BennerotteAssoc\",\"https:\\\/\\\/www.linkedin.com\\\/company\\\/1588656\",\"https:\\\/\\\/www.youtube.com\\\/channel\\\/UCUueBLiFtyPzMxHSy5wS77A\"]}]}<\/script>\n<!-- \/ Yoast SEO plugin. -->","yoast_head_json":{"title":"Bennerotte & Associates, P.A. | Abogados de lesi\u00f3n en Eagan","description":"En Bennerotte & Associates, P.A., trabajamos duro para recuperar la compensaci\u00f3n de nuestros clientes.","robots":{"index":"index","follow":"follow","max-snippet":"max-snippet:-1","max-image-preview":"max-image-preview:large","max-video-preview":"max-video-preview:-1"},"canonical":"https:\/\/www.injuryattorneysmn.com\/es\/acerca-de-nosotros\/","og_locale":"es_ES","og_type":"article","og_title":"Bennerotte & Associates, P.A. | Abogados de lesi\u00f3n en Eagan","og_description":"En Bennerotte & Associates, P.A., trabajamos duro para recuperar la compensaci\u00f3n de nuestros clientes.","og_url":"https:\/\/www.injuryattorneysmn.com\/es\/acerca-de-nosotros\/","og_site_name":"Bennerotte &amp; Associates, P.A.","article_publisher":"https:\/\/www.facebook.com\/BennerotteMN","article_modified_time":"2024-03-07T14:05:11+00:00","twitter_card":"summary_large_image","twitter_site":"@BennerotteAssoc","twitter_misc":{"Est. reading time":"2 minutes"},"schema":{"@context":"https:\/\/schema.org","@graph":[{"@type":"WebPage","@id":"https:\/\/www.injuryattorneysmn.com\/es\/acerca-de-nosotros\/","url":"https:\/\/www.injuryattorneysmn.com\/es\/acerca-de-nosotros\/","name":"Bennerotte & Associates, P.A. | Abogados de lesi\u00f3n en Eagan","isPartOf":{"@id":"https:\/\/www.injuryattorneysmn.com\/#website"},"datePublished":"2024-02-07T09:29:00+00:00","dateModified":"2024-03-07T14:05:11+00:00","description":"En Bennerotte & Associates, P.A., trabajamos duro para recuperar la compensaci\u00f3n de nuestros clientes.","breadcrumb":{"@id":"https:\/\/www.injuryattorneysmn.com\/es\/acerca-de-nosotros\/#breadcrumb"},"inLanguage":"es-ES","potentialAction":[{"@type":"ReadAction","target":["https:\/\/www.injuryattorneysmn.com\/es\/acerca-de-nosotros\/"]}]},{"@type":"BreadcrumbList","@id":"https:\/\/www.injuryattorneysmn.com\/es\/acerca-de-nosotros\/#breadcrumb","itemListElement":[{"@type":"ListItem","position":1,"name":"Home","item":"https:\/\/www.injuryattorneysmn.com\/es\/"},{"@type":"ListItem","position":2,"name":"Acerca de nosotros"}]},{"@type":"WebSite","@id":"https:\/\/www.injuryattorneysmn.com\/#website","url":"https:\/\/www.injuryattorneysmn.com\/","name":"injuryattorneysmn","description":"Eagan Personal Injury &amp; Auto Accident Lawyers","publisher":{"@id":"https:\/\/www.injuryattorneysmn.com\/#organization"},"potentialAction":[{"@type":"SearchAction","target":{"@type":"EntryPoint","urlTemplate":"https:\/\/www.injuryattorneysmn.com\/?s={search_term_string}"},"query-input":{"@type":"PropertyValueSpecification","valueRequired":true,"valueName":"search_term_string"}}],"inLanguage":"es-ES"},{"@type":"Organization","@id":"https:\/\/www.injuryattorneysmn.com\/#organization","name":"injuryattorneysmn","url":"https:\/\/www.injuryattorneysmn.com\/","logo":{"@type":"ImageObject","inLanguage":"es-ES","@id":"https:\/\/www.injuryattorneysmn.com\/#\/schema\/logo\/image\/","url":"https:\/\/www.injuryattorneysmn.com\/wp-content\/uploads\/2024\/01\/Bennerotte-site-logo.png","contentUrl":"https:\/\/www.injuryattorneysmn.com\/wp-content\/uploads\/2024\/01\/Bennerotte-site-logo.png","width":800,"height":120,"caption":"injuryattorneysmn"},"image":{"@id":"https:\/\/www.injuryattorneysmn.com\/#\/schema\/logo\/image\/"},"sameAs":["https:\/\/www.facebook.com\/BennerotteMN","https:\/\/x.com\/BennerotteAssoc","https:\/\/www.linkedin.com\/company\/1588656","https:\/\/www.youtube.com\/channel\/UCUueBLiFtyPzMxHSy5wS77A"]}]}},"_links":{"self":[{"href":"https:\/\/www.injuryattorneysmn.com\/es\/wp-json\/wp\/v2\/pages\/1181","targetHints":{"allow":["GET"]}}],"collection":[{"href":"https:\/\/www.injuryattorneysmn.com\/es\/wp-json\/wp\/v2\/pages"}],"about":[{"href":"https:\/\/www.injuryattorneysmn.com\/es\/wp-json\/wp\/v2\/types\/page"}],"author":[{"embeddable":true,"href":"https:\/\/www.injuryattorneysmn.com\/es\/wp-json\/wp\/v2\/users\/1"}],"replies":[{"embeddable":true,"href":"https:\/\/www.injuryattorneysmn.com\/es\/wp-json\/wp\/v2\/comments?post=1181"}],"version-history":[{"count":0,"href":"https:\/\/www.injuryattorneysmn.com\/es\/wp-json\/wp\/v2\/pages\/1181\/revisions"}],"wp:attachment":[{"href":"https:\/\/www.injuryattorneysmn.com\/es\/wp-json\/wp\/v2\/media?parent=1181"}],"curies":[{"name":"wp","href":"https:\/\/api.w.org\/{rel}","templated":true}]}}