{"id":1186,"date":"2024-02-09T08:16:32","date_gmt":"2024-02-09T08:16:32","guid":{"rendered":"https:\/\/serhiin1.sg-host.com\/?page_id=1186"},"modified":"2024-03-07T14:06:16","modified_gmt":"2024-03-07T14:06:16","slug":"lesion-personal","status":"publish","type":"page","link":"https:\/\/www.injuryattorneysmn.com\/es\/lesion-personal\/","title":{"rendered":"Lesi\u00f3n Personal"},"content":{"rendered":"\n<h1 class=\"wp-block-heading\">Trabajamos arduamente para mantener su vida en un buen camino<\/h1>\n\n\n\n<p>Somos un equipo de profesionales legales que ayudan a las personas lesionadas a comprender y manejar sus finanzas, para as\u00ed encontrar el camino que represente las menores complicaciones para lograr su recuperaci\u00f3n. No somos de los que persiguen casos, y no iniciamos demandas o reclamaciones fr\u00edvolas. Si determinamos que en su caso es necesario demandar, ser\u00e1 con una justificaci\u00f3n de por medio.<\/p>\n\n\n\n<p>En&nbsp;Bennerotte &amp; Associates, P.A., entregamos asesor\u00eda receptiva y enfocada en obtener resultados para personas que han sufrido de una p\u00e9rdida tr\u00e1gica o lesi\u00f3n severa. Nuestros talentosos y emp\u00e1ticos abogados luchan por nuestros clientes, y buscamos recuperar la m\u00e1xima compensaci\u00f3n para personas que han sido v\u00edctimas de accidentes prevenibles y de hechos il\u00edcitos.<\/p>\n\n\n\n<h2 class=\"wp-block-heading\">Nos importa su recuperaci\u00f3n<\/h2>\n\n\n\n<p>Podemos ayudarle a recuperar una compensaci\u00f3n monetaria para cubrir sus facturas m\u00e9dicas, salarios perdidos, ganancias futuras perdidas, p\u00e9rdida de compa\u00f1erismo y de consorcio, rehabilitaci\u00f3n, cuidados en el hogar, incapacidad e incluso gastos funerarios en caso de que haya perdido a un ser querido. Su caso merece una evaluaci\u00f3n a detalle, y usted merece recuperar la cantidad completa a la que tiene derecho conforme a la ley, no una cantidad arbitraria con la que la aseguradora espera que usted quede complacido.<\/p>\n\n\n\n<h2 class=\"wp-block-heading\">Lucharemos por usted<\/h2>\n\n\n\n<p>Nuestros clientes dependen de nuestros recursos, preparaci\u00f3n estrat\u00e9gica y habilidades de negociaci\u00f3n, pero tambi\u00e9n necesitan saber que cuentan con un amigo de su lado que est\u00e1 dispuesto a tomar las medidas necesarias y adecuadas. Sabemos c\u00f3mo probar qui\u00e9n tuvo la responsabilidad del accidente y c\u00f3mo navegar a trav\u00e9s del sistema judicial, adem\u00e1s de que somos negociadores y litigantes efectivos en varias \u00e1reas, como las siguientes:<\/p>\n\n\n\n<ul class=\"wp-block-list\">\n<li>Accidentes automovil\u00edsticos: Bicicleta, autob\u00fas, auto, motocicleta y accidentes con semirremolques, e incluso accidentes a\u00e9reos<\/li>\n\n\n\n<li>Accidentes en veh\u00edculos recreativos: Veh\u00edculos todo terreno, en embarcaciones, motonieves y los provocados por conductores manejando en estado de intoxicaci\u00f3n<\/li>\n\n\n\n<li>Negligencia m\u00e9dica: Lesiones de nacimiento, par\u00e1lisis cerebral, fracturas, ataques al coraz\u00f3n, embolias, fallos de diagn\u00f3stico, errores de medicaci\u00f3n, diagn\u00f3sticos equivocados y m\u00e1s<\/li>\n\n\n\n<li>Responsabilidad civil de establecimientos: Resbalones, tropezones y ca\u00eddas, agresiones, robos y otras lesiones<\/li>\n\n\n\n<li>Lesiones severas: Amputaciones, lesiones cerebrales, lesiones por quemaduras, lesi\u00f3n en la columna y en la m\u00e9dula espinal<\/li>\n\n\n\n<li>Responsabilidad de productos: Dispositivos m\u00e9dicos defectuosos, autopartes, juguetes, materiales de construcci\u00f3n, herramientas el\u00e9ctricas, aparatos y muchos m\u00e1s productos con problemas graves de publicidad, de manufactura, env\u00edos, ventas o etiquetas de advertencia<\/li>\n\n\n\n<li><strong>Compensaci\u00f3n para trabajadores<\/strong>: Oficina, almac\u00e9n, construcci\u00f3n, f\u00e1brica, agricultura, miner\u00eda, empresas de servicios y lesiones por hospitalidad<\/li>\n\n\n\n<li><strong>Amianto y mesotelioma<\/strong>: Exposici\u00f3n ocupacional, escuela y hogar<\/li>\n\n\n\n<li>Abuso en residencias geri\u00e1tricas: Situaciones con el personal y problemas con otros pacientes<\/li>\n\n\n\n<li>Accidentes con qu\u00edmicos t\u00f3xicos: Quemaduras, gases t\u00f3xicos y derrames qu\u00edmicos<\/li>\n\n\n\n<li>Muerte por negligencia: P\u00e9rdida de un ser querido a causa de un accidente de auto, de motocicleta, provocados por conductores en estado de intoxicaci\u00f3n, muerte m\u00e9dica, lesiones deportivas y m\u00e1s<\/li>\n<\/ul>\n\n\n\n<p>Haremos que las partes negligentes se responsabilicen de las lesiones que le provocaron. Por ello, resulta cr\u00edtico consultar con un abogado de lesi\u00f3n personal de Minnesota antes de llegar a alg\u00fan acuerdo con una aseguradora.<\/p>\n\n\n\n<h2 class=\"wp-block-heading\">Obtenga una consulta gratuita de los abogados que est\u00e1n de su lado<\/h2>\n\n\n\n<p>Lo mantendremos informado y protegemos sus derechos desde el primer d\u00eda.\u00a0<a href=\"\/es\/lesion-personal\/#spanish-contact\">Cont\u00e1ctenos<\/a>\u00a0para obtener asesor\u00eda receptiva y directa. Llame a nuestra oficina en Eagan al\u00a0<a href=\"tel:+16512403309\">(651) 240-3309<\/a>\u00a0para obtener una consulta gratuita.<\/p>\n","protected":false},"excerpt":{"rendered":"<p>Trabajamos arduamente para mantener su vida en un buen camino Somos un equipo de profesionales legales que ayudan a las personas lesionadas a comprender y manejar sus finanzas, para as\u00ed encontrar el camino que represente las menores complicaciones para lograr su recuperaci\u00f3n. No somos de los que persiguen casos, y no iniciamos demandas o reclamaciones [&hellip;]<\/p>\n","protected":false},"author":1,"featured_media":982,"parent":0,"menu_order":0,"comment_status":"closed","ping_status":"closed","template":"injuries-page-tpl.php","meta":{"_acf_changed":false,"footnotes":""},"class_list":["post-1186","page","type-page","status-publish","has-post-thumbnail","hentry"],"acf":[],"yoast_head":"<!-- This site is optimized with the Yoast SEO plugin v27.5 - https:\/\/yoast.com\/product\/yoast-seo-wordpress\/ -->\n<title>Abogado de lesi\u00f3n St. Paul | Abogado de accidentes | Reclamaciones por lesiones<\/title>\n<meta name=\"description\" content=\"Abogados en lesi\u00f3n personal exclusivos en Minneapolis y St. Paul. Abogados locales de Eagan Minnesota. Llame a Bennerotte &amp; Associates, P.A., al 651-364-6807.\" \/>\n<meta name=\"robots\" content=\"index, follow, max-snippet:-1, max-image-preview:large, max-video-preview:-1\" \/>\n<link rel=\"canonical\" href=\"https:\/\/www.injuryattorneysmn.com\/es\/lesion-personal\/\" \/>\n<meta property=\"og:locale\" content=\"es_ES\" \/>\n<meta property=\"og:type\" content=\"article\" \/>\n<meta property=\"og:title\" content=\"Abogado de lesi\u00f3n St. Paul | Abogado de accidentes | Reclamaciones por lesiones\" \/>\n<meta property=\"og:description\" content=\"Abogados en lesi\u00f3n personal exclusivos en Minneapolis y St. Paul. Abogados locales de Eagan Minnesota. Llame a Bennerotte &amp; Associates, P.A., al 651-364-6807.\" \/>\n<meta property=\"og:url\" content=\"https:\/\/www.injuryattorneysmn.com\/es\/lesion-personal\/\" \/>\n<meta property=\"og:site_name\" content=\"Bennerotte &amp; Associates, P.A.\" \/>\n<meta property=\"article:publisher\" content=\"https:\/\/www.facebook.com\/BennerotteMN\" \/>\n<meta property=\"article:modified_time\" content=\"2024-03-07T14:06:16+00:00\" \/>\n<meta property=\"og:image\" content=\"https:\/\/www.injuryattorneysmn.com\/wp-content\/uploads\/2024\/02\/personal-injury.jpg\" \/>\n\t<meta property=\"og:image:width\" content=\"500\" \/>\n\t<meta property=\"og:image:height\" content=\"331\" \/>\n\t<meta property=\"og:image:type\" content=\"image\/jpeg\" \/>\n<meta name=\"twitter:card\" content=\"summary_large_image\" \/>\n<meta name=\"twitter:site\" content=\"@BennerotteAssoc\" \/>\n<meta name=\"twitter:label1\" content=\"Est. reading time\" \/>\n\t<meta name=\"twitter:data1\" content=\"3 minutes\" \/>\n<script type=\"application\/ld+json\" class=\"yoast-schema-graph\">{\"@context\":\"https:\\\/\\\/schema.org\",\"@graph\":[{\"@type\":\"WebPage\",\"@id\":\"https:\\\/\\\/www.injuryattorneysmn.com\\\/es\\\/lesion-personal\\\/\",\"url\":\"https:\\\/\\\/www.injuryattorneysmn.com\\\/es\\\/lesion-personal\\\/\",\"name\":\"Abogado de lesi\u00f3n St. Paul | Abogado de accidentes | Reclamaciones por lesiones\",\"isPartOf\":{\"@id\":\"https:\\\/\\\/www.injuryattorneysmn.com\\\/#website\"},\"primaryImageOfPage\":{\"@id\":\"https:\\\/\\\/www.injuryattorneysmn.com\\\/es\\\/lesion-personal\\\/#primaryimage\"},\"image\":{\"@id\":\"https:\\\/\\\/www.injuryattorneysmn.com\\\/es\\\/lesion-personal\\\/#primaryimage\"},\"thumbnailUrl\":\"https:\\\/\\\/www.injuryattorneysmn.com\\\/wp-content\\\/uploads\\\/2024\\\/02\\\/personal-injury.jpg\",\"datePublished\":\"2024-02-09T08:16:32+00:00\",\"dateModified\":\"2024-03-07T14:06:16+00:00\",\"description\":\"Abogados en lesi\u00f3n personal exclusivos en Minneapolis y St. Paul. Abogados locales de Eagan Minnesota. Llame a Bennerotte &amp; Associates, P.A., al 651-364-6807.\",\"breadcrumb\":{\"@id\":\"https:\\\/\\\/www.injuryattorneysmn.com\\\/es\\\/lesion-personal\\\/#breadcrumb\"},\"inLanguage\":\"es-ES\",\"potentialAction\":[{\"@type\":\"ReadAction\",\"target\":[\"https:\\\/\\\/www.injuryattorneysmn.com\\\/es\\\/lesion-personal\\\/\"]}]},{\"@type\":\"ImageObject\",\"inLanguage\":\"es-ES\",\"@id\":\"https:\\\/\\\/www.injuryattorneysmn.com\\\/es\\\/lesion-personal\\\/#primaryimage\",\"url\":\"https:\\\/\\\/www.injuryattorneysmn.com\\\/wp-content\\\/uploads\\\/2024\\\/02\\\/personal-injury.jpg\",\"contentUrl\":\"https:\\\/\\\/www.injuryattorneysmn.com\\\/wp-content\\\/uploads\\\/2024\\\/02\\\/personal-injury.jpg\",\"width\":500,\"height\":331},{\"@type\":\"BreadcrumbList\",\"@id\":\"https:\\\/\\\/www.injuryattorneysmn.com\\\/es\\\/lesion-personal\\\/#breadcrumb\",\"itemListElement\":[{\"@type\":\"ListItem\",\"position\":1,\"name\":\"Home\",\"item\":\"https:\\\/\\\/www.injuryattorneysmn.com\\\/es\\\/\"},{\"@type\":\"ListItem\",\"position\":2,\"name\":\"Lesi\u00f3n Personal\"}]},{\"@type\":\"WebSite\",\"@id\":\"https:\\\/\\\/www.injuryattorneysmn.com\\\/#website\",\"url\":\"https:\\\/\\\/www.injuryattorneysmn.com\\\/\",\"name\":\"injuryattorneysmn\",\"description\":\"Eagan Personal Injury &amp; Auto Accident Lawyers\",\"publisher\":{\"@id\":\"https:\\\/\\\/www.injuryattorneysmn.com\\\/#organization\"},\"potentialAction\":[{\"@type\":\"SearchAction\",\"target\":{\"@type\":\"EntryPoint\",\"urlTemplate\":\"https:\\\/\\\/www.injuryattorneysmn.com\\\/?s={search_term_string}\"},\"query-input\":{\"@type\":\"PropertyValueSpecification\",\"valueRequired\":true,\"valueName\":\"search_term_string\"}}],\"inLanguage\":\"es-ES\"},{\"@type\":\"Organization\",\"@id\":\"https:\\\/\\\/www.injuryattorneysmn.com\\\/#organization\",\"name\":\"injuryattorneysmn\",\"url\":\"https:\\\/\\\/www.injuryattorneysmn.com\\\/\",\"logo\":{\"@type\":\"ImageObject\",\"inLanguage\":\"es-ES\",\"@id\":\"https:\\\/\\\/www.injuryattorneysmn.com\\\/#\\\/schema\\\/logo\\\/image\\\/\",\"url\":\"https:\\\/\\\/www.injuryattorneysmn.com\\\/wp-content\\\/uploads\\\/2024\\\/01\\\/Bennerotte-site-logo.png\",\"contentUrl\":\"https:\\\/\\\/www.injuryattorneysmn.com\\\/wp-content\\\/uploads\\\/2024\\\/01\\\/Bennerotte-site-logo.png\",\"width\":800,\"height\":120,\"caption\":\"injuryattorneysmn\"},\"image\":{\"@id\":\"https:\\\/\\\/www.injuryattorneysmn.com\\\/#\\\/schema\\\/logo\\\/image\\\/\"},\"sameAs\":[\"https:\\\/\\\/www.facebook.com\\\/BennerotteMN\",\"https:\\\/\\\/x.com\\\/BennerotteAssoc\",\"https:\\\/\\\/www.linkedin.com\\\/company\\\/1588656\",\"https:\\\/\\\/www.youtube.com\\\/channel\\\/UCUueBLiFtyPzMxHSy5wS77A\"]}]}<\/script>\n<!-- \/ Yoast SEO plugin. -->","yoast_head_json":{"title":"Abogado de lesi\u00f3n St. Paul | Abogado de accidentes | Reclamaciones por lesiones","description":"Abogados en lesi\u00f3n personal exclusivos en Minneapolis y St. Paul. Abogados locales de Eagan Minnesota. Llame a Bennerotte &amp; Associates, P.A., al 651-364-6807.","robots":{"index":"index","follow":"follow","max-snippet":"max-snippet:-1","max-image-preview":"max-image-preview:large","max-video-preview":"max-video-preview:-1"},"canonical":"https:\/\/www.injuryattorneysmn.com\/es\/lesion-personal\/","og_locale":"es_ES","og_type":"article","og_title":"Abogado de lesi\u00f3n St. Paul | Abogado de accidentes | Reclamaciones por lesiones","og_description":"Abogados en lesi\u00f3n personal exclusivos en Minneapolis y St. Paul. Abogados locales de Eagan Minnesota. Llame a Bennerotte &amp; Associates, P.A., al 651-364-6807.","og_url":"https:\/\/www.injuryattorneysmn.com\/es\/lesion-personal\/","og_site_name":"Bennerotte &amp; Associates, P.A.","article_publisher":"https:\/\/www.facebook.com\/BennerotteMN","article_modified_time":"2024-03-07T14:06:16+00:00","og_image":[{"width":500,"height":331,"url":"https:\/\/www.injuryattorneysmn.com\/wp-content\/uploads\/2024\/02\/personal-injury.jpg","type":"image\/jpeg"}],"twitter_card":"summary_large_image","twitter_site":"@BennerotteAssoc","twitter_misc":{"Est. reading time":"3 minutes"},"schema":{"@context":"https:\/\/schema.org","@graph":[{"@type":"WebPage","@id":"https:\/\/www.injuryattorneysmn.com\/es\/lesion-personal\/","url":"https:\/\/www.injuryattorneysmn.com\/es\/lesion-personal\/","name":"Abogado de lesi\u00f3n St. Paul | Abogado de accidentes | Reclamaciones por lesiones","isPartOf":{"@id":"https:\/\/www.injuryattorneysmn.com\/#website"},"primaryImageOfPage":{"@id":"https:\/\/www.injuryattorneysmn.com\/es\/lesion-personal\/#primaryimage"},"image":{"@id":"https:\/\/www.injuryattorneysmn.com\/es\/lesion-personal\/#primaryimage"},"thumbnailUrl":"https:\/\/www.injuryattorneysmn.com\/wp-content\/uploads\/2024\/02\/personal-injury.jpg","datePublished":"2024-02-09T08:16:32+00:00","dateModified":"2024-03-07T14:06:16+00:00","description":"Abogados en lesi\u00f3n personal exclusivos en Minneapolis y St. Paul. Abogados locales de Eagan Minnesota. Llame a Bennerotte &amp; Associates, P.A., al 651-364-6807.","breadcrumb":{"@id":"https:\/\/www.injuryattorneysmn.com\/es\/lesion-personal\/#breadcrumb"},"inLanguage":"es-ES","potentialAction":[{"@type":"ReadAction","target":["https:\/\/www.injuryattorneysmn.com\/es\/lesion-personal\/"]}]},{"@type":"ImageObject","inLanguage":"es-ES","@id":"https:\/\/www.injuryattorneysmn.com\/es\/lesion-personal\/#primaryimage","url":"https:\/\/www.injuryattorneysmn.com\/wp-content\/uploads\/2024\/02\/personal-injury.jpg","contentUrl":"https:\/\/www.injuryattorneysmn.com\/wp-content\/uploads\/2024\/02\/personal-injury.jpg","width":500,"height":331},{"@type":"BreadcrumbList","@id":"https:\/\/www.injuryattorneysmn.com\/es\/lesion-personal\/#breadcrumb","itemListElement":[{"@type":"ListItem","position":1,"name":"Home","item":"https:\/\/www.injuryattorneysmn.com\/es\/"},{"@type":"ListItem","position":2,"name":"Lesi\u00f3n Personal"}]},{"@type":"WebSite","@id":"https:\/\/www.injuryattorneysmn.com\/#website","url":"https:\/\/www.injuryattorneysmn.com\/","name":"injuryattorneysmn","description":"Eagan Personal Injury &amp; Auto Accident Lawyers","publisher":{"@id":"https:\/\/www.injuryattorneysmn.com\/#organization"},"potentialAction":[{"@type":"SearchAction","target":{"@type":"EntryPoint","urlTemplate":"https:\/\/www.injuryattorneysmn.com\/?s={search_term_string}"},"query-input":{"@type":"PropertyValueSpecification","valueRequired":true,"valueName":"search_term_string"}}],"inLanguage":"es-ES"},{"@type":"Organization","@id":"https:\/\/www.injuryattorneysmn.com\/#organization","name":"injuryattorneysmn","url":"https:\/\/www.injuryattorneysmn.com\/","logo":{"@type":"ImageObject","inLanguage":"es-ES","@id":"https:\/\/www.injuryattorneysmn.com\/#\/schema\/logo\/image\/","url":"https:\/\/www.injuryattorneysmn.com\/wp-content\/uploads\/2024\/01\/Bennerotte-site-logo.png","contentUrl":"https:\/\/www.injuryattorneysmn.com\/wp-content\/uploads\/2024\/01\/Bennerotte-site-logo.png","width":800,"height":120,"caption":"injuryattorneysmn"},"image":{"@id":"https:\/\/www.injuryattorneysmn.com\/#\/schema\/logo\/image\/"},"sameAs":["https:\/\/www.facebook.com\/BennerotteMN","https:\/\/x.com\/BennerotteAssoc","https:\/\/www.linkedin.com\/company\/1588656","https:\/\/www.youtube.com\/channel\/UCUueBLiFtyPzMxHSy5wS77A"]}]}},"_links":{"self":[{"href":"https:\/\/www.injuryattorneysmn.com\/es\/wp-json\/wp\/v2\/pages\/1186","targetHints":{"allow":["GET"]}}],"collection":[{"href":"https:\/\/www.injuryattorneysmn.com\/es\/wp-json\/wp\/v2\/pages"}],"about":[{"href":"https:\/\/www.injuryattorneysmn.com\/es\/wp-json\/wp\/v2\/types\/page"}],"author":[{"embeddable":true,"href":"https:\/\/www.injuryattorneysmn.com\/es\/wp-json\/wp\/v2\/users\/1"}],"replies":[{"embeddable":true,"href":"https:\/\/www.injuryattorneysmn.com\/es\/wp-json\/wp\/v2\/comments?post=1186"}],"version-history":[{"count":0,"href":"https:\/\/www.injuryattorneysmn.com\/es\/wp-json\/wp\/v2\/pages\/1186\/revisions"}],"wp:featuredmedia":[{"embeddable":true,"href":"https:\/\/www.injuryattorneysmn.com\/es\/wp-json\/wp\/v2\/media\/982"}],"wp:attachment":[{"href":"https:\/\/www.injuryattorneysmn.com\/es\/wp-json\/wp\/v2\/media?parent=1186"}],"curies":[{"name":"wp","href":"https:\/\/api.w.org\/{rel}","templated":true}]}}