{"id":1189,"date":"2024-02-01T08:52:49","date_gmt":"2024-02-01T08:52:49","guid":{"rendered":"https:\/\/serhiin1.sg-host.com\/?page_id=1189"},"modified":"2024-03-07T14:08:09","modified_gmt":"2024-03-07T14:08:09","slug":"accidentes-automovilisticos","status":"publish","type":"page","link":"https:\/\/www.injuryattorneysmn.com\/es\/accidentes-automovilisticos\/","title":{"rendered":"Accidentes Automovil\u00edsticos"},"content":{"rendered":"\n<h1 class=\"wp-block-heading\">Respondemos sus preguntas sobre accidentes automovil\u00edsticos<\/h1>\n\n\n\n<p>Un accidente automovil\u00edstico puede cambiar su vida completamente. Los abogados con experiencia de&nbsp;Bennerotte &amp; Associates, P.A., estamos aqu\u00ed para garantizar que usted obtiene la atenci\u00f3n m\u00e9dica y la compensaci\u00f3n a las que usted tiene derecho. Las compa\u00f1\u00edas aseguradoras de autos pueden ser lentas para pagar e intentar\u00e1 devaluar o incluso rechazar su reclamaci\u00f3n, por lo que tener a un abogado de su lado garantizar\u00e1 el mejor resultado posible. Adem\u00e1s, no nos pagar\u00e1 cuando comencemos a trabajar con usted y solo hablaremos de nuestros honorarios despu\u00e9s de que recuperemos una indemnizaci\u00f3n por usted.<\/p>\n\n\n\n<p>Despu\u00e9s de un accidente automovil\u00edstico, varias v\u00edctimas de lesi\u00f3n descubren que recibir el pago de la aseguradora no es tan sencillo como deber\u00eda ser. Es com\u00fan que las compa\u00f1\u00edas aseguradoras retrasen, deval\u00faen o incluso nieguen una reclamaci\u00f3n leg\u00edtima debido a un accidente automovil\u00edstico. Contar con un abogado de su lado con experiencia en lesiones personales le ayudar\u00e1 a proteger sus derechos y a obtener la indemnizaci\u00f3n que usted merece.<\/p>\n\n\n\n<h2 class=\"wp-block-heading\">\u00bfCu\u00e1nto vale su reclamaci\u00f3n?<\/h2>\n\n\n\n<p>Cada accidente de auto y cada lesi\u00f3n es \u00fanica y no vienen con un precio claro y definido, por lo que es importante entender c\u00f3mo las compa\u00f1\u00edas aseguradoras eval\u00faan su accidente. Los abogados con experiencia de&nbsp;Bennerotte &amp; Associates, P.A., le ayudar\u00e1 a trav\u00e9s del proceso y le apoyar\u00e1n para evitar errores que puedan poner en peligro a su reclamaci\u00f3n de ser devaluada o rechazada. Si bien no podemos darle un n\u00famero exacto sobre el valor de su reclamaci\u00f3n, podemos ayudarle a entender los factores que determinar\u00e1n el valor total de la misma.<\/p>\n\n\n\n<h2 class=\"wp-block-heading\">Lograr el objetivo: &nbsp;la atenci\u00f3n m\u00e9dica independiente que usted merece<\/h2>\n\n\n\n<p>Hay momentos en los que la compa\u00f1\u00eda aseguradora le pedir\u00e1 una evaluaci\u00f3n m\u00e9dica con alguno de sus doctores y es probable que, durante su recuperaci\u00f3n, tambi\u00e9n le pidan que usted reciba tratamiento por parte de alg\u00fan profesional de la salud perteneciente a la aseguradora. Por ello, nos aseguraremos de que usted entienda todas las opciones que tiene respecto a tratamientos m\u00e9dicos despu\u00e9s de su accidente. Nuestros abogados le ayudar\u00e1n a navegar a trav\u00e9s del complejo sistema de salud y a garantizarle que usted no ser\u00e1 el responsable de pagar la cuenta.<\/p>\n\n\n\n<h2 class=\"wp-block-heading\">Manejamos las complejidades, le ayudamos a que usted reciba su pago<\/h2>\n\n\n\n<p>En&nbsp;Bennerotte &amp; Associates, P.A., protegemos sus derechos responsabilizando a las partes culpables de sus lesiones. Nuestros abogados buscan la m\u00e1xima compensaci\u00f3n disponible y recuperar\u00e1n cada centavo que usted merece. Las compa\u00f1\u00edas aseguradoras cuentan con un equipo de abogados que trabaja para proteger sus intereses; usted puede contar con nuestro equipo para ponerlo en igualdad de condiciones frente a estos corporativos.<\/p>\n\n\n\n<h2 class=\"wp-block-heading\">No tener la culpa no es suficiente<\/h2>\n\n\n\n<p>Minnesota es un estado con seguros sin adjudicaci\u00f3n de culpa (\u201cno-fault\u201d), y algunos abogados \u00daNICAMENTE buscar\u00e1n obtener los beneficios disponibles bajo la cobertura \u201cno-fault\u201d (con un m\u00e1ximo de $40,000). Por lo regular, esta cantidad no le ayudar\u00e1 a cubrir por completo sus facturas m\u00e9dicas y su rehabilitaci\u00f3n. Por ello, usted necesita que un abogado luche por toda la compensaci\u00f3n que usted merece, lo cual podr\u00eda incluir:<\/p>\n\n\n\n<ul class=\"wp-block-list\">\n<li>Facturas m\u00e9dicas<\/li>\n\n\n\n<li>Sueldos perdidos y ganancias futuras<\/li>\n\n\n\n<li>Cuidados en el hogar<\/li>\n\n\n\n<li>Incapacidad<\/li>\n\n\n\n<li>P\u00e9rdida de compa\u00f1erismo<\/li>\n\n\n\n<li>P\u00e9rdida de consorcio<\/li>\n\n\n\n<li>Gastos funerarios<\/li>\n<\/ul>\n\n\n\n<p>En nuestro despacho, usted puede beneficiarse de una consulta inicial gratuita en la que un abogado revisar\u00e1 su caso y le ayudar\u00e1 a entender sus opciones para buscar su compensaci\u00f3n. Si usted decide contratarnos para llevar su reclamaci\u00f3n de lesi\u00f3n, no pagar\u00e1 ning\u00fan costo de su bolsillo.<\/p>\n\n\n\n<p>Nos pagar\u00e1 un porcentaje del monto que recuperemos por usted, lo que significa que, si usted no gana, no nos paga.<\/p>\n\n\n\n<h2 class=\"wp-block-heading\">Cont\u00e1ctenos hoy<\/h2>\n\n\n\n<p>No cometa el error de firmar alg\u00fan papel o de acordar en recibir cierta cantidad hasta que un abogado que buscar\u00e1 cuidar de sus intereses haya revisado su caso.\u00a0<a href=\"\/es\/accidentes-automovilisticos\/#spanish-contact\">Cont\u00e1ctenos<\/a>\u00a0llamando al n\u00famero\u00a0<a href=\"tel:+16512403309\">(651) 240-3309<\/a>\u00a0para obtener una consulta gratuita.<\/p>\n","protected":false},"excerpt":{"rendered":"<p>Respondemos sus preguntas sobre accidentes automovil\u00edsticos Un accidente automovil\u00edstico puede cambiar su vida completamente. Los abogados con experiencia de&nbsp;Bennerotte &amp; Associates, P.A., estamos aqu\u00ed para garantizar que usted obtiene la atenci\u00f3n m\u00e9dica y la compensaci\u00f3n a las que usted tiene derecho. Las compa\u00f1\u00edas aseguradoras de autos pueden ser lentas para pagar e intentar\u00e1 devaluar o [&hellip;]<\/p>\n","protected":false},"author":1,"featured_media":953,"parent":0,"menu_order":0,"comment_status":"closed","ping_status":"closed","template":"injuries-page-tpl.php","meta":{"_acf_changed":false,"footnotes":""},"class_list":["post-1189","page","type-page","status-publish","has-post-thumbnail","hentry"],"acf":[],"yoast_head":"<!-- This site is optimized with the Yoast SEO plugin v27.3 - https:\/\/yoast.com\/product\/yoast-seo-wordpress\/ -->\n<title>Abogados accidentes de coche en Eagan | Abogado accidentes de auto<\/title>\n<meta name=\"description\" content=\"Representaci\u00f3n agresiva en accidentes de auto por abogados de Minnesota en Minneapolis, St. Paul y Rochester. Llame a Bennerotte &amp; Associates, P.A., al 651-364-6807\" \/>\n<meta name=\"robots\" content=\"index, follow, max-snippet:-1, max-image-preview:large, max-video-preview:-1\" \/>\n<link rel=\"canonical\" href=\"https:\/\/www.injuryattorneysmn.com\/es\/accidentes-automovilisticos\/\" \/>\n<meta property=\"og:locale\" content=\"es_ES\" \/>\n<meta property=\"og:type\" content=\"article\" \/>\n<meta property=\"og:title\" content=\"Abogados accidentes de coche en Eagan | Abogado accidentes de auto\" \/>\n<meta property=\"og:description\" content=\"Representaci\u00f3n agresiva en accidentes de auto por abogados de Minnesota en Minneapolis, St. Paul y Rochester. Llame a Bennerotte &amp; Associates, P.A., al 651-364-6807\" \/>\n<meta property=\"og:url\" content=\"https:\/\/www.injuryattorneysmn.com\/es\/accidentes-automovilisticos\/\" \/>\n<meta property=\"og:site_name\" content=\"Bennerotte &amp; Associates, P.A.\" \/>\n<meta property=\"article:publisher\" content=\"https:\/\/www.facebook.com\/BennerotteMN\" \/>\n<meta property=\"article:modified_time\" content=\"2024-03-07T14:08:09+00:00\" \/>\n<meta property=\"og:image\" content=\"https:\/\/www.injuryattorneysmn.com\/wp-content\/uploads\/2024\/02\/car-accident.jpg\" \/>\n\t<meta property=\"og:image:width\" content=\"500\" \/>\n\t<meta property=\"og:image:height\" content=\"331\" \/>\n\t<meta property=\"og:image:type\" content=\"image\/jpeg\" \/>\n<meta name=\"twitter:card\" content=\"summary_large_image\" \/>\n<meta name=\"twitter:site\" content=\"@BennerotteAssoc\" \/>\n<meta name=\"twitter:label1\" content=\"Est. reading time\" \/>\n\t<meta name=\"twitter:data1\" content=\"3 minutes\" \/>\n<script type=\"application\/ld+json\" class=\"yoast-schema-graph\">{\"@context\":\"https:\\\/\\\/schema.org\",\"@graph\":[{\"@type\":\"WebPage\",\"@id\":\"https:\\\/\\\/www.injuryattorneysmn.com\\\/es\\\/accidentes-automovilisticos\\\/\",\"url\":\"https:\\\/\\\/www.injuryattorneysmn.com\\\/es\\\/accidentes-automovilisticos\\\/\",\"name\":\"Abogados accidentes de coche en Eagan | Abogado accidentes de auto\",\"isPartOf\":{\"@id\":\"https:\\\/\\\/www.injuryattorneysmn.com\\\/#website\"},\"primaryImageOfPage\":{\"@id\":\"https:\\\/\\\/www.injuryattorneysmn.com\\\/es\\\/accidentes-automovilisticos\\\/#primaryimage\"},\"image\":{\"@id\":\"https:\\\/\\\/www.injuryattorneysmn.com\\\/es\\\/accidentes-automovilisticos\\\/#primaryimage\"},\"thumbnailUrl\":\"https:\\\/\\\/www.injuryattorneysmn.com\\\/wp-content\\\/uploads\\\/2024\\\/02\\\/car-accident.jpg\",\"datePublished\":\"2024-02-01T08:52:49+00:00\",\"dateModified\":\"2024-03-07T14:08:09+00:00\",\"description\":\"Representaci\u00f3n agresiva en accidentes de auto por abogados de Minnesota en Minneapolis, St. Paul y Rochester. Llame a Bennerotte & Associates, P.A., al 651-364-6807\",\"breadcrumb\":{\"@id\":\"https:\\\/\\\/www.injuryattorneysmn.com\\\/es\\\/accidentes-automovilisticos\\\/#breadcrumb\"},\"inLanguage\":\"es-ES\",\"potentialAction\":[{\"@type\":\"ReadAction\",\"target\":[\"https:\\\/\\\/www.injuryattorneysmn.com\\\/es\\\/accidentes-automovilisticos\\\/\"]}]},{\"@type\":\"ImageObject\",\"inLanguage\":\"es-ES\",\"@id\":\"https:\\\/\\\/www.injuryattorneysmn.com\\\/es\\\/accidentes-automovilisticos\\\/#primaryimage\",\"url\":\"https:\\\/\\\/www.injuryattorneysmn.com\\\/wp-content\\\/uploads\\\/2024\\\/02\\\/car-accident.jpg\",\"contentUrl\":\"https:\\\/\\\/www.injuryattorneysmn.com\\\/wp-content\\\/uploads\\\/2024\\\/02\\\/car-accident.jpg\",\"width\":500,\"height\":331},{\"@type\":\"BreadcrumbList\",\"@id\":\"https:\\\/\\\/www.injuryattorneysmn.com\\\/es\\\/accidentes-automovilisticos\\\/#breadcrumb\",\"itemListElement\":[{\"@type\":\"ListItem\",\"position\":1,\"name\":\"Home\",\"item\":\"https:\\\/\\\/www.injuryattorneysmn.com\\\/es\\\/\"},{\"@type\":\"ListItem\",\"position\":2,\"name\":\"Accidentes Automovil\u00edsticos\"}]},{\"@type\":\"WebSite\",\"@id\":\"https:\\\/\\\/www.injuryattorneysmn.com\\\/#website\",\"url\":\"https:\\\/\\\/www.injuryattorneysmn.com\\\/\",\"name\":\"injuryattorneysmn\",\"description\":\"Eagan Personal Injury &amp; Auto Accident Lawyers\",\"publisher\":{\"@id\":\"https:\\\/\\\/www.injuryattorneysmn.com\\\/#organization\"},\"potentialAction\":[{\"@type\":\"SearchAction\",\"target\":{\"@type\":\"EntryPoint\",\"urlTemplate\":\"https:\\\/\\\/www.injuryattorneysmn.com\\\/?s={search_term_string}\"},\"query-input\":{\"@type\":\"PropertyValueSpecification\",\"valueRequired\":true,\"valueName\":\"search_term_string\"}}],\"inLanguage\":\"es-ES\"},{\"@type\":\"Organization\",\"@id\":\"https:\\\/\\\/www.injuryattorneysmn.com\\\/#organization\",\"name\":\"injuryattorneysmn\",\"url\":\"https:\\\/\\\/www.injuryattorneysmn.com\\\/\",\"logo\":{\"@type\":\"ImageObject\",\"inLanguage\":\"es-ES\",\"@id\":\"https:\\\/\\\/www.injuryattorneysmn.com\\\/#\\\/schema\\\/logo\\\/image\\\/\",\"url\":\"https:\\\/\\\/www.injuryattorneysmn.com\\\/wp-content\\\/uploads\\\/2024\\\/01\\\/Bennerotte-site-logo.png\",\"contentUrl\":\"https:\\\/\\\/www.injuryattorneysmn.com\\\/wp-content\\\/uploads\\\/2024\\\/01\\\/Bennerotte-site-logo.png\",\"width\":800,\"height\":120,\"caption\":\"injuryattorneysmn\"},\"image\":{\"@id\":\"https:\\\/\\\/www.injuryattorneysmn.com\\\/#\\\/schema\\\/logo\\\/image\\\/\"},\"sameAs\":[\"https:\\\/\\\/www.facebook.com\\\/BennerotteMN\",\"https:\\\/\\\/x.com\\\/BennerotteAssoc\",\"https:\\\/\\\/www.linkedin.com\\\/company\\\/1588656\",\"https:\\\/\\\/www.youtube.com\\\/channel\\\/UCUueBLiFtyPzMxHSy5wS77A\"]}]}<\/script>\n<!-- \/ Yoast SEO plugin. -->","yoast_head_json":{"title":"Abogados accidentes de coche en Eagan | Abogado accidentes de auto","description":"Representaci\u00f3n agresiva en accidentes de auto por abogados de Minnesota en Minneapolis, St. Paul y Rochester. Llame a Bennerotte & Associates, P.A., al 651-364-6807","robots":{"index":"index","follow":"follow","max-snippet":"max-snippet:-1","max-image-preview":"max-image-preview:large","max-video-preview":"max-video-preview:-1"},"canonical":"https:\/\/www.injuryattorneysmn.com\/es\/accidentes-automovilisticos\/","og_locale":"es_ES","og_type":"article","og_title":"Abogados accidentes de coche en Eagan | Abogado accidentes de auto","og_description":"Representaci\u00f3n agresiva en accidentes de auto por abogados de Minnesota en Minneapolis, St. Paul y Rochester. Llame a Bennerotte & Associates, P.A., al 651-364-6807","og_url":"https:\/\/www.injuryattorneysmn.com\/es\/accidentes-automovilisticos\/","og_site_name":"Bennerotte &amp; Associates, P.A.","article_publisher":"https:\/\/www.facebook.com\/BennerotteMN","article_modified_time":"2024-03-07T14:08:09+00:00","og_image":[{"width":500,"height":331,"url":"https:\/\/www.injuryattorneysmn.com\/wp-content\/uploads\/2024\/02\/car-accident.jpg","type":"image\/jpeg"}],"twitter_card":"summary_large_image","twitter_site":"@BennerotteAssoc","twitter_misc":{"Est. reading time":"3 minutes"},"schema":{"@context":"https:\/\/schema.org","@graph":[{"@type":"WebPage","@id":"https:\/\/www.injuryattorneysmn.com\/es\/accidentes-automovilisticos\/","url":"https:\/\/www.injuryattorneysmn.com\/es\/accidentes-automovilisticos\/","name":"Abogados accidentes de coche en Eagan | Abogado accidentes de auto","isPartOf":{"@id":"https:\/\/www.injuryattorneysmn.com\/#website"},"primaryImageOfPage":{"@id":"https:\/\/www.injuryattorneysmn.com\/es\/accidentes-automovilisticos\/#primaryimage"},"image":{"@id":"https:\/\/www.injuryattorneysmn.com\/es\/accidentes-automovilisticos\/#primaryimage"},"thumbnailUrl":"https:\/\/www.injuryattorneysmn.com\/wp-content\/uploads\/2024\/02\/car-accident.jpg","datePublished":"2024-02-01T08:52:49+00:00","dateModified":"2024-03-07T14:08:09+00:00","description":"Representaci\u00f3n agresiva en accidentes de auto por abogados de Minnesota en Minneapolis, St. Paul y Rochester. Llame a Bennerotte & Associates, P.A., al 651-364-6807","breadcrumb":{"@id":"https:\/\/www.injuryattorneysmn.com\/es\/accidentes-automovilisticos\/#breadcrumb"},"inLanguage":"es-ES","potentialAction":[{"@type":"ReadAction","target":["https:\/\/www.injuryattorneysmn.com\/es\/accidentes-automovilisticos\/"]}]},{"@type":"ImageObject","inLanguage":"es-ES","@id":"https:\/\/www.injuryattorneysmn.com\/es\/accidentes-automovilisticos\/#primaryimage","url":"https:\/\/www.injuryattorneysmn.com\/wp-content\/uploads\/2024\/02\/car-accident.jpg","contentUrl":"https:\/\/www.injuryattorneysmn.com\/wp-content\/uploads\/2024\/02\/car-accident.jpg","width":500,"height":331},{"@type":"BreadcrumbList","@id":"https:\/\/www.injuryattorneysmn.com\/es\/accidentes-automovilisticos\/#breadcrumb","itemListElement":[{"@type":"ListItem","position":1,"name":"Home","item":"https:\/\/www.injuryattorneysmn.com\/es\/"},{"@type":"ListItem","position":2,"name":"Accidentes Automovil\u00edsticos"}]},{"@type":"WebSite","@id":"https:\/\/www.injuryattorneysmn.com\/#website","url":"https:\/\/www.injuryattorneysmn.com\/","name":"injuryattorneysmn","description":"Eagan Personal Injury &amp; Auto Accident Lawyers","publisher":{"@id":"https:\/\/www.injuryattorneysmn.com\/#organization"},"potentialAction":[{"@type":"SearchAction","target":{"@type":"EntryPoint","urlTemplate":"https:\/\/www.injuryattorneysmn.com\/?s={search_term_string}"},"query-input":{"@type":"PropertyValueSpecification","valueRequired":true,"valueName":"search_term_string"}}],"inLanguage":"es-ES"},{"@type":"Organization","@id":"https:\/\/www.injuryattorneysmn.com\/#organization","name":"injuryattorneysmn","url":"https:\/\/www.injuryattorneysmn.com\/","logo":{"@type":"ImageObject","inLanguage":"es-ES","@id":"https:\/\/www.injuryattorneysmn.com\/#\/schema\/logo\/image\/","url":"https:\/\/www.injuryattorneysmn.com\/wp-content\/uploads\/2024\/01\/Bennerotte-site-logo.png","contentUrl":"https:\/\/www.injuryattorneysmn.com\/wp-content\/uploads\/2024\/01\/Bennerotte-site-logo.png","width":800,"height":120,"caption":"injuryattorneysmn"},"image":{"@id":"https:\/\/www.injuryattorneysmn.com\/#\/schema\/logo\/image\/"},"sameAs":["https:\/\/www.facebook.com\/BennerotteMN","https:\/\/x.com\/BennerotteAssoc","https:\/\/www.linkedin.com\/company\/1588656","https:\/\/www.youtube.com\/channel\/UCUueBLiFtyPzMxHSy5wS77A"]}]}},"_links":{"self":[{"href":"https:\/\/www.injuryattorneysmn.com\/es\/wp-json\/wp\/v2\/pages\/1189","targetHints":{"allow":["GET"]}}],"collection":[{"href":"https:\/\/www.injuryattorneysmn.com\/es\/wp-json\/wp\/v2\/pages"}],"about":[{"href":"https:\/\/www.injuryattorneysmn.com\/es\/wp-json\/wp\/v2\/types\/page"}],"author":[{"embeddable":true,"href":"https:\/\/www.injuryattorneysmn.com\/es\/wp-json\/wp\/v2\/users\/1"}],"replies":[{"embeddable":true,"href":"https:\/\/www.injuryattorneysmn.com\/es\/wp-json\/wp\/v2\/comments?post=1189"}],"version-history":[{"count":0,"href":"https:\/\/www.injuryattorneysmn.com\/es\/wp-json\/wp\/v2\/pages\/1189\/revisions"}],"wp:featuredmedia":[{"embeddable":true,"href":"https:\/\/www.injuryattorneysmn.com\/es\/wp-json\/wp\/v2\/media\/953"}],"wp:attachment":[{"href":"https:\/\/www.injuryattorneysmn.com\/es\/wp-json\/wp\/v2\/media?parent=1189"}],"curies":[{"name":"wp","href":"https:\/\/api.w.org\/{rel}","templated":true}]}}